{"id":7,"date":"2020-03-13T08:39:15","date_gmt":"2020-03-13T08:39:15","guid":{"rendered":"https:\/\/web.muvit.club\/?page_id=7"},"modified":"2020-06-06T20:21:13","modified_gmt":"2020-06-06T20:21:13","slug":"come-funziona","status":"publish","type":"page","link":"https:\/\/web.muvit.club\/","title":{"rendered":"FUNZIONA COSI&#8217;"},"content":{"rendered":"\n<p>Muvit.club \u00e8 una piattaforma digitale creata per offrire alle aziende la possibilit\u00e0 di mettere in vendita on line i propri prodotti o di prenotare i propri servizi applicando uno sconto ai propri clienti, accreditati, nella forma del cash back. <\/p>\n\n\n\n<p>Il cash back, che letteralmente significa \u201ccontanti indietro\u201d, nel caso di Muvit.club consiste in uno sconto sulla spesa sostenuta da un utente che fa acquisti in una delle attivit\u00e0 convenzionate.<\/p>\n\n\n\n<p>La novit\u00e0, rispetto ai classici circuiti, \u00e8 che Muvit.club si auto promuove grazie all&#8217;attivit\u00e0 social degli iscritti\/utenti &#8230;<\/p>\n\n\n\n<h3>Come?<\/h3>\n\n\n\n<p>Facile!!! Oltre che con gli acquisti l&#8217;utente-iscritto accumula e incrementa i suoi crediti con la sua attivit\u00e0 social. Questo significa che ogni volta che un utente acquista in una delle attivit\u00e0 convenzionate riceve il suo credito Muvit e per ogni condivisione che far\u00e0 sui suoi social ( post su Facebook, Tweeter,  Pinterest&#8230;) ricever\u00e0 altri crediti da poter spendere all&#8217;interno della comunit\u00e0 Muvit. <\/p>\n\n\n\n<p>Cerchiamo di spiegare il meccanismo di questo spazio digitale con un esempio <\/p>\n\n\n\n<p><em>Un ristorante decide di aderire a Muvit.club  e avr\u00e0 un accesso personalizzato alla piattaforma che gli servir\u00e0 per registrare i clienti\/utenti<\/em>  e per avere il suo spazio nella community con il suo e-shop  o il suo sistema di prenotazione<\/p>\n\n\n\n<p>Il ristorante dovr\u00e0 riconoscere uno sconto che sar\u00e0 corrisposto, dalla piattaforma, al cliente sotto forma di credito Muvit e potr\u00e0 essere utilizzato per successivi acquisti tra le aziende aderenti a Muvit.club<\/p>\n\n\n\n<p>L&#8217;utente sa che per incrementare i suoi crediti pu\u00f2 sfruttare i suoi social e allora condivide una  foto della cena su Facebook  &#8230; il ristorante aumenta cos\u00ec la sua presenza sui social con una promozione del tutto gratuita.  <\/p>\n\n\n\n<p>Ed \u00e8 cos\u00ec che Muvit.club crea reti di contatti &#8230; il ristorante potr\u00e0 beneficiare di una pubblicit\u00e0 gratuita anche perch\u00e9 non c\u2019\u00e8 modo migliore di aumentare il tasso di conversione se non attraverso il passaparola degli utenti reali che diventano testimonal delle aziende, <\/p>\n\n\n\n<p><\/p>\n\n\n\n<p><\/p>\n","protected":false},"excerpt":{"rendered":"<p>Muvit.club \u00e8 una piattaforma digitale creata per offrire alle aziende la possibilit\u00e0 di mettere in vendita on line i propri &hellip; <span class=\"more-button\"><a href=\"https:\/\/web.muvit.club\/\" class=\"more-link\">Continue Reading<span class=\"screen-reader-text\">FUNZIONA COSI&#8217;<\/span><\/a><\/span><\/p>\n","protected":false},"author":1,"featured_media":0,"parent":0,"menu_order":0,"comment_status":"closed","ping_status":"closed","template":"","meta":[],"_links":{"self":[{"href":"https:\/\/web.muvit.club\/index.php\/wp-json\/wp\/v2\/pages\/7"}],"collection":[{"href":"https:\/\/web.muvit.club\/index.php\/wp-json\/wp\/v2\/pages"}],"about":[{"href":"https:\/\/web.muvit.club\/index.php\/wp-json\/wp\/v2\/types\/page"}],"author":[{"embeddable":true,"href":"https:\/\/web.muvit.club\/index.php\/wp-json\/wp\/v2\/users\/1"}],"replies":[{"embeddable":true,"href":"https:\/\/web.muvit.club\/index.php\/wp-json\/wp\/v2\/comments?post=7"}],"version-history":[{"count":17,"href":"https:\/\/web.muvit.club\/index.php\/wp-json\/wp\/v2\/pages\/7\/revisions"}],"predecessor-version":[{"id":350,"href":"https:\/\/web.muvit.club\/index.php\/wp-json\/wp\/v2\/pages\/7\/revisions\/350"}],"wp:attachment":[{"href":"https:\/\/web.muvit.club\/index.php\/wp-json\/wp\/v2\/media?parent=7"}],"curies":[{"name":"wp","href":"https:\/\/api.w.org\/{rel}","templated":true}]}}