{"id":339,"date":"2020-05-07T06:46:57","date_gmt":"2020-05-07T06:46:57","guid":{"rendered":"https:\/\/web.muvit.club\/?page_id=339"},"modified":"2020-06-07T12:34:23","modified_gmt":"2020-06-07T12:34:23","slug":"faq-muvit-partner","status":"publish","type":"page","link":"https:\/\/web.muvit.club\/index.php\/faq-muvit-partner\/","title":{"rendered":"FAQ MUVIT PARTNER"},"content":{"rendered":"\n<p><strong>QUALI TIPOLOGIE DI AZIENDE POSSONO ADERIRE A MUVIT.club<\/strong><\/p>\n\n\n\n<p>Ogni settore merceologico ha le sue specifiche esigenze, ma le funzionalit\u00e0 dei nostri strumenti sono in grado di soddisfarle tutte. <\/p>\n\n\n\n<p>Muvit.club \u00e8 aperto  a qualsiasi settore: ristoranti, pizzerie, abbIgliamento, centri estetici, parrucchieri, palestre &#8230; <\/p>\n\n\n\n<p><strong>COME RICEVO I DATI DI ACCESSO A MUVIT?<\/strong><\/p>\n\n\n\n<p>Un nostro consulente ti contatter\u00e0 per spiegarti come funziona la piattaforma e mandarti i codici di accesso. <\/p>\n\n\n\n<p><strong>COSA POSSO FARE CON IL MIO ACCOUNT MUVIT<\/strong><\/p>\n\n\n\n<p>L&#8217;account Muvit ti consentir\u00e0 di:<\/p>\n\n\n\n<ul><li>Controllare i tuoi ordini <\/li><li>Controllare le prenotazioni<\/li><li>Invitare nuovi clienti <\/li><li>Controllare il tuo database clienti<\/li><li>Impostare e modificare orari d&#8217;apertura, contatti &#8230; <\/li><\/ul>\n\n\n\n<p><strong>L&#8217;ADESIONE COMPORTA DEI COSTI?<\/strong><\/p>\n\n\n\n<p>Ogni azienda ha esigenze diverse ed \u00e8 per questo che abbiamo creato dei programmi ad hoc per ogni singola attivit\u00e0. In questo modo potrai sfruttare le funzionalit\u00e0 che pi\u00f9 ti servono e con l&#8217;aiuto di un nostro consulente sceglierai di aderire utilizzando i servizi che pi\u00f9 ti servono. <\/p>\n\n\n\n<p>Puoi decidere il tuo livello di partecipazione al circuito: <\/p>\n\n\n\n<ul><li>utilizzare solo alcuni dei nostri strumenti,<\/li><li>partecipare al circuito di cashback <\/li><li>Essere un Partner Sponsor. <\/li><\/ul>\n\n\n\n<p>Sei tu che decidi noi ti mettiamo a  disposizione tante funzioni evolute; insieme al nostro consulente troverai la migliore soluzione per la tua attivit\u00e0. <\/p>\n\n\n\n<p><strong>COME FUNZIONA IL CASHBACK<\/strong><\/p>\n\n\n\n<p>Le aziende affiliate hanno la possibilit\u00e0 di mettere in vendita on line i propri prodotti o di far prenotare i propri servizi applicando uno sconto ai propri clienti, accreditati, nella forma del cash back.<\/p>\n\n\n\n<p>Il cash back, che letteralmente significa \u201ccontanti indietro\u201d, nel caso di Muvit.club consiste in uno sconto sulla spesa sostenuta da un utente che fa acquisti in una delle attivit\u00e0 convenzionate che viene accreditato dalla piattaforma sotto forma di crediti Muvit da utilizzare per ulteriori acquisti tra le attivit\u00e0 del circuito. <\/p>\n\n\n\n<p>Il cashback \u00e8 riconosciuto dalla piattaforma all&#8217;utente\/cliente iscritto<\/p>\n\n\n\n<ul><li>immediatamente nel momento del pagamento (sia on on line che in Store) <\/li><li>Entro 24 ore da una condivisione dell&#8217; acquisto su un social dell&#8217;iscritto previa verifica.<\/li><\/ul>\n\n\n\n<p><strong>QUALI SONO GLI STRUMENTI CHE POSSO UTILIZZARE<\/strong><\/p>\n\n\n\n<p>Avrai a disposizione una serie di funzionalit\u00e0,  a seconda del tuo settore merceologico, che ti aiuteranno ad organizzare al meglio la tua azienda .<\/p>\n\n\n\n<p><em>RISTORANTI &#8211; PIZZERIE <\/em><\/p>\n\n\n\n<p><strong>E-commerce<\/strong>: uno strumento per vendere direttamente on line i tuoi prodotti. Penseremo noi a compilare il men\u00f9 nel back end e ad inserire i prodotti. L&#8217;utente potr\u00e0 scegliere e acquistare direttamente on line. Tu riceverai nel tuo back office l ordine con tutti i dati. <\/p>\n\n\n\n<p><strong>Men\u00f9 digitale<\/strong>: affiancherai  al men\u00f9 cartaceo un men\u00f9 digitale per permettere ai tuoi clienti di ordinare in autonomia dal tavolo o addirittura prima di venire al ristorante.<\/p>\n\n\n\n<p><strong>Prenota Tavolo<\/strong>: attraverso una semplice interfaccia l&#8217;utente pu\u00f2 prenotare il suo posto al ristorante. Uno strumento utile al cliente per riservare comodamente da casa e con pochi click il proprio tavolo e a te per organizzare al meglio  i posti in sala <\/p>\n\n\n\n<p><em>CENTRI ESTETICI &#8211; PARRUCCHIERI- BARBIERI- PALESTRE<\/em><\/p>\n\n\n\n<p><strong>E-commerce:<\/strong> metti in vendita i tuoi prodotti. Una vetrina digitale di tutti i prodotti dedicati alla cura della persona. <\/p>\n\n\n\n<p><strong>Prenota Appuntamento:<\/strong> un &#8216;agenda digitale per i tuoi appuntamenti organizzata per alleggerire il tuo lavoro ed organizzare la giornata lavorativa rispettando le nuove misure di sicurezza.<\/p>\n\n\n\n<p><em>NEGOZI ABBIGLIAMENTO &#8211; NEGOZI ARTICOLI SPORTIVI- NEGOZI ANIMALI <\/em><\/p>\n\n\n\n<p><strong>E-commerce:<\/strong> metti in vendita i tuoi prodotti e gestisci gli ordini. <\/p>\n\n\n\n<p><strong>QUALI VANTAGGI RICEVO<\/strong><\/p>\n\n\n\n<p>Riceverai strumenti indispensasbili per <\/p>\n\n\n\n<ul><li>Digitalizzare la tua azienda<\/li><li>Aumentare la tua visibilit\u00e0<\/li><li>Fidelizzare  tuoi clienti<\/li><li>Acquisire nuovi clienti<\/li><li>Aumentare la presenza sui social network <\/li><li>Creare un database clienti per iniziative promozionali mirate<\/li><\/ul>\n\n\n\n<p><strong>COME CREO LA MIA SCHEDA<\/strong><\/p>\n\n\n\n<p>Non sar\u00e0 un tuo impegno penser\u00e0 il nostro team ad inserire i prodotti a fare la tua scheda con logo, foto, prezzi e informazioni. <\/p>\n\n\n\n<p><strong>COME CONTROLLO GLI ORDINI <\/strong><\/p>\n\n\n\n<p>Avrai un pannello di amministrazione per modificare in  autonomia i dati della tua scheda e per controllare gli ordini e le prenotazioni.   <\/p>\n\n\n\n<p><strong>QUAL E&#8217; LA PROCEDURA DI PAGAMENTO SU MUVIT.club<\/strong><\/p>\n\n\n\n<p>Su muvit.club il cliente potr\u00e0 pagare tramite paypal, in contrassegno o con i crediti Muvit<\/p>\n\n\n\n<p><strong>COSA SONO I CREDITI MUVIT<\/strong><\/p>\n\n\n\n<p>Grazie alla logica del cahscback lo sconto che riconoscerai al cliente sar\u00e0 accreditato sul suo conto sotto forma di crediti Muvit. <\/p>\n\n\n\n<p>I crediti Muvit all&#8217;interno del circuito sono da considerarsi come strumento di pagamento.  Significa che se hai una pizzeria e un cliente vuole pagarti con i crediti Muvit pu\u00f2 farlo e la quota che apparentemente perderai in euro in realt\u00e0 non \u00e8 persa perch\u00e9 a tua volta i crediti potrai utilizzarli per acquistare anche tra le attivit\u00e0 del circuito o per saldare, a seconda del programma di partecipazione che hai scelto, le quote dovute alla piattaforma. <\/p>\n\n\n\n<p><strong>COME POSSO DISDIRE L&#8217;ADESIONE<\/strong><\/p>\n\n\n\n<p>Puoi disdire in qualsiasi momento,  nel rispetto delle condizioni contrattuali specifiche sottoscritte, previo il saldo delle quote dovute alla piattaforma. <\/p>\n","protected":false},"excerpt":{"rendered":"<p>QUALI TIPOLOGIE DI AZIENDE POSSONO ADERIRE A MUVIT.club Ogni settore merceologico ha le sue specifiche esigenze, ma le funzionalit\u00e0 dei &hellip; <span class=\"more-button\"><a href=\"https:\/\/web.muvit.club\/index.php\/faq-muvit-partner\/\" class=\"more-link\">Continue Reading<span class=\"screen-reader-text\">FAQ MUVIT PARTNER<\/span><\/a><\/span><\/p>\n","protected":false},"author":1,"featured_media":0,"parent":0,"menu_order":0,"comment_status":"closed","ping_status":"closed","template":"","meta":[],"_links":{"self":[{"href":"https:\/\/web.muvit.club\/index.php\/wp-json\/wp\/v2\/pages\/339"}],"collection":[{"href":"https:\/\/web.muvit.club\/index.php\/wp-json\/wp\/v2\/pages"}],"about":[{"href":"https:\/\/web.muvit.club\/index.php\/wp-json\/wp\/v2\/types\/page"}],"author":[{"embeddable":true,"href":"https:\/\/web.muvit.club\/index.php\/wp-json\/wp\/v2\/users\/1"}],"replies":[{"embeddable":true,"href":"https:\/\/web.muvit.club\/index.php\/wp-json\/wp\/v2\/comments?post=339"}],"version-history":[{"count":3,"href":"https:\/\/web.muvit.club\/index.php\/wp-json\/wp\/v2\/pages\/339\/revisions"}],"predecessor-version":[{"id":351,"href":"https:\/\/web.muvit.club\/index.php\/wp-json\/wp\/v2\/pages\/339\/revisions\/351"}],"wp:attachment":[{"href":"https:\/\/web.muvit.club\/index.php\/wp-json\/wp\/v2\/media?parent=339"}],"curies":[{"name":"wp","href":"https:\/\/api.w.org\/{rel}","templated":true}]}}