{"id":277,"date":"2020-04-17T17:18:53","date_gmt":"2020-04-17T17:18:53","guid":{"rendered":"https:\/\/web.muvit.club\/?page_id=277"},"modified":"2020-05-03T17:55:24","modified_gmt":"2020-05-03T17:55:24","slug":"perche-partecipare","status":"publish","type":"page","link":"https:\/\/web.muvit.club\/index.php\/perche-partecipare\/","title":{"rendered":"Perch\u00e8 partecipare"},"content":{"rendered":"\n<p>Ogni azienda, piccola o grande  che sia, non pu\u00f2 relazionarsi con i propri clienti senza tenere in considerazione l&#8217;utilizzo dei social media, ma non sempre si ha tempo e risorse per investire ed implementare le strategie di comunicazione che passano attraverso i social network. <\/p>\n\n\n\n<p>E allora prendete Facebook, Instagram mescolate con un p\u00f2 di Amazon e aggiungete un pizzico di Booking e  un p\u00f2 di cashback quello che otterrete \u00e8 Muvit.club, la piattaforma social\/e-commerce che aiuta le aziende a crescere e a promuoversi.<\/p>\n\n\n\n<p>Non \u00e8 n\u00e9 un social network, n\u00e9 un marketplace vero e proprio ma strizza l&#8217;occhio a entrambi perch\u00e9 sfrutta le funzioni di entrambi per creare un ecosistema in cui da un lato c&#8217;\u00e8 la user community, dall\u2019altra una piattaforma e-commerce nella quale acquistare i prodotti.<\/p>\n\n\n\n<p>Muvit si poggia principalmente sull&#8217;attivit\u00e0 social degli iscritti e il concetto alla base della piattaforma \u00e8 la condivisione degli acquisti sui sociale che avvengono all&#8217;interno del circuito. Muvit.club. <\/p>\n\n\n\n<p>Muvit.club favorisce una relazione fluida tra le aziende e i suoi iscritti: il cuore della community risiede proprio nell&#8217;attivit\u00e0 social degli iscritti i quali diventano dei veri e propri influnecer della communitiy e cos\u00ec se da un lato ogni azienda aderente avr\u00e0 la possibilit\u00e0 di crearsi una rete di influencer,  dall&#8217;altro lato gli iscritti potranno guadagnare con la loro attivit\u00e0 social. <\/p>\n\n\n\n<h3>I VANTAGGI PER LE AZIENDE <\/h3>\n\n\n\n<p>Aumento della visibilit\u00e0 locale e nazionale <\/p>\n\n\n\n<p>Fidelizzazione dei clienti <\/p>\n\n\n\n<p>Acquisizioni di nuovi clienti <\/p>\n\n\n\n<p>Aumento esponenziale della presenza sui social network <\/p>\n\n\n\n<p>Dotazione di un e-shop per rendere visibili i tuoi prodotti&nbsp;<\/p>\n\n\n\n<p>Creazione di un database di clienti <\/p>\n\n\n\n<p>Potenziamento delle attivit\u00e0 di marketing <\/p>\n\n\n\n<p>E poi registrarsi sar\u00e0 semplicissimo compila il modulo e ci metteremo in contatto con te per iniziare subito a vendere i tuoi prodotti. <\/p>\n\n\n\n<h3>VANTAGGI PER GLI UTENTI<\/h3>\n\n\n\n<p> Sconti sui prodotti e servizi<\/p>\n\n\n\n<p>Acquisti pagando in crediti Muvit <\/p>\n\n\n\n<p>Guadagni con la tua attivit\u00e0 social <\/p>\n\n\n\n<p><\/p>\n\n\n\n<p>Muvit.club vuole aiutare le imprese a crescere dando valore agli acquisti degli utenti! <\/p>\n\n\n\n<p>Non ci sono banconote cartacee ma crediti Muvit riconosciuti e spendibili solo tra i partecipanti che aderiscono al circuito e pi\u00f9 ne siamo maggiori saranno i benefici perch\u00e8 un circuito pi\u00f9 ampio amplifica i vantaggi per tutti i partecipanti .<\/p>\n\n\n\n<p><strong><br><\/strong>REGISTRA LA TUA AZIENDA! <\/p>\n\n\n\n<p><\/p>\n\n\n\n<p><\/p>\n\n\n\n<p><\/p>\n\n\n\n<p><\/p>\n","protected":false},"excerpt":{"rendered":"<p>Ogni azienda, piccola o grande che sia, non pu\u00f2 relazionarsi con i propri clienti senza tenere in considerazione l&#8217;utilizzo dei &hellip; <span class=\"more-button\"><a href=\"https:\/\/web.muvit.club\/index.php\/perche-partecipare\/\" class=\"more-link\">Continue Reading<span class=\"screen-reader-text\">Perch\u00e8 partecipare<\/span><\/a><\/span><\/p>\n","protected":false},"author":1,"featured_media":0,"parent":0,"menu_order":0,"comment_status":"closed","ping_status":"closed","template":"","meta":[],"_links":{"self":[{"href":"https:\/\/web.muvit.club\/index.php\/wp-json\/wp\/v2\/pages\/277"}],"collection":[{"href":"https:\/\/web.muvit.club\/index.php\/wp-json\/wp\/v2\/pages"}],"about":[{"href":"https:\/\/web.muvit.club\/index.php\/wp-json\/wp\/v2\/types\/page"}],"author":[{"embeddable":true,"href":"https:\/\/web.muvit.club\/index.php\/wp-json\/wp\/v2\/users\/1"}],"replies":[{"embeddable":true,"href":"https:\/\/web.muvit.club\/index.php\/wp-json\/wp\/v2\/comments?post=277"}],"version-history":[{"count":6,"href":"https:\/\/web.muvit.club\/index.php\/wp-json\/wp\/v2\/pages\/277\/revisions"}],"predecessor-version":[{"id":334,"href":"https:\/\/web.muvit.club\/index.php\/wp-json\/wp\/v2\/pages\/277\/revisions\/334"}],"wp:attachment":[{"href":"https:\/\/web.muvit.club\/index.php\/wp-json\/wp\/v2\/media?parent=277"}],"curies":[{"name":"wp","href":"https:\/\/api.w.org\/{rel}","templated":true}]}}